{"id":9,"date":"2018-07-14T13:51:35","date_gmt":"2018-07-14T11:51:35","guid":{"rendered":"http:\/\/rotisseriebasley.fr\/?page_id=9"},"modified":"2019-07-27T10:57:07","modified_gmt":"2019-07-27T08:57:07","slug":"contact","status":"publish","type":"page","link":"https:\/\/rotisseriebasley.fr\/index.php\/contact\/","title":{"rendered":"Contactez Nous"},"content":{"rendered":"<p>Si vous avez besoin de plus d&#8217;informations concernant notre activit\u00e9, nos <a href=\"http:\/\/rotisseriebasley.fr\/index.php\/nos-prestations\/\">prestations<\/a>, n&#8217;h\u00e9sitez pas \u00e0 nous envoyer un mail via le formulaire de contact ci-dessous.<br \/>\nNous sommes \u00e9galement joignables au 06.88.14.71.29.<\/p>\n<p>Vous organisez un \u00e9v\u00e9nement et vous aimeriez d\u00e9guster nos produits avant de faire appel \u00e0 nos services ? Retrouvez nous le dimanche sur le <a title=\"D\u00e9gustations\" href=\"http:\/\/rotisseriebasley.fr\/index.php\/nos-prestations\/\"> Port de Saint Vaast-la-Hougue <\/a><\/p>\n<p><img loading=\"lazy\" class=\"alignnone size-medium wp-image-163\" src=\"http:\/\/rotisseriebasley.fr\/wp-content\/uploads\/2018\/07\/contacts-300x145.jpg\" alt=\"\" width=\"300\" height=\"145\" srcset=\"https:\/\/rotisseriebasley.fr\/wp-content\/uploads\/2018\/07\/contacts-300x145.jpg 300w, https:\/\/rotisseriebasley.fr\/wp-content\/uploads\/2018\/07\/contacts-scaled-600x290.jpg 600w, https:\/\/rotisseriebasley.fr\/wp-content\/uploads\/2018\/07\/contacts-768x372.jpg 768w, https:\/\/rotisseriebasley.fr\/wp-content\/uploads\/2018\/07\/contacts-1024x496.jpg 1024w, https:\/\/rotisseriebasley.fr\/wp-content\/uploads\/2018\/07\/contacts-830x402.jpg 830w, https:\/\/rotisseriebasley.fr\/wp-content\/uploads\/2018\/07\/contacts-230x111.jpg 230w, https:\/\/rotisseriebasley.fr\/wp-content\/uploads\/2018\/07\/contacts-350x169.jpg 350w, https:\/\/rotisseriebasley.fr\/wp-content\/uploads\/2018\/07\/contacts-480x232.jpg 480w\" sizes=\"(max-width: 300px) 100vw, 300px\" \/><\/p>\n<div role=\"form\" class=\"wpcf7\" id=\"wpcf7-f53-o1\" lang=\"fr-FR\" dir=\"ltr\">\n<div class=\"screen-reader-response\"><p role=\"status\" aria-live=\"polite\" aria-atomic=\"true\"><\/p> <ul><\/ul><\/div>\n<form action=\"\/index.php\/wp-json\/wp\/v2\/pages\/9#wpcf7-f53-o1\" method=\"post\" class=\"wpcf7-form init\" novalidate=\"novalidate\" data-status=\"init\">\n<div style=\"display: none;\">\n<input type=\"hidden\" name=\"_wpcf7\" value=\"53\" \/>\n<input type=\"hidden\" name=\"_wpcf7_version\" value=\"5.4.2\" \/>\n<input type=\"hidden\" name=\"_wpcf7_locale\" value=\"fr_FR\" \/>\n<input type=\"hidden\" name=\"_wpcf7_unit_tag\" value=\"wpcf7-f53-o1\" \/>\n<input type=\"hidden\" name=\"_wpcf7_container_post\" value=\"0\" \/>\n<input type=\"hidden\" name=\"_wpcf7_posted_data_hash\" value=\"\" \/>\n<\/div>\n<p><label> Votre nom (obligatoire)<br \/>\n    <span class=\"wpcf7-form-control-wrap your-name\"><input type=\"text\" name=\"your-name\" value=\"\" size=\"40\" class=\"wpcf7-form-control wpcf7-text wpcf7-validates-as-required\" aria-required=\"true\" aria-invalid=\"false\" \/><\/span> <\/label><\/p>\n<p><label> Votre adresse de messagerie (obligatoire)<br \/>\n    <span class=\"wpcf7-form-control-wrap your-email\"><input type=\"email\" name=\"your-email\" value=\"\" size=\"40\" class=\"wpcf7-form-control wpcf7-text wpcf7-email wpcf7-validates-as-required wpcf7-validates-as-email\" aria-required=\"true\" aria-invalid=\"false\" \/><\/span> <\/label><\/p>\n<p><label> Par quel biais nous avez vous connu ? (obligatoire)<br \/>\n    <span class=\"wpcf7-form-control-wrap your-connaissance\"><input type=\"text\" name=\"your-connaissance\" value=\"\" size=\"40\" class=\"wpcf7-form-control wpcf7-text wpcf7-validates-as-required\" aria-required=\"true\" aria-invalid=\"false\" \/><\/span> <\/label><\/p>\n<p><label> Objet<br \/>\n    <span class=\"wpcf7-form-control-wrap your-subject\"><input type=\"text\" name=\"your-subject\" value=\"\" size=\"40\" class=\"wpcf7-form-control wpcf7-text\" aria-invalid=\"false\" \/><\/span> <\/label><\/p>\n<p><label> Votre message<br \/>\n    <span class=\"wpcf7-form-control-wrap your-message\"><textarea name=\"your-message\" cols=\"40\" rows=\"10\" class=\"wpcf7-form-control wpcf7-textarea\" aria-invalid=\"false\"><\/textarea><\/span> <\/label><\/p>\n<p><input type=\"submit\" value=\"Envoyer\" class=\"wpcf7-form-control wpcf7-submit\" \/><\/p>\n<div class=\"wpcf7-response-output\" aria-hidden=\"true\"><\/div><\/form><\/div>\n","protected":false},"excerpt":{"rendered":"<p>Si vous avez besoin de plus d&#8217;informations concernant notre activit\u00e9, nos prestations, n&#8217;h\u00e9sitez pas \u00e0 nous envoyer un mail via le formulaire de contact ci-dessous. Nous sommes \u00e9galement joignables au 06.88.14.71.29. Vous organisez un \u00e9v\u00e9nement et vous aimeriez d\u00e9guster nos produits avant de faire appel \u00e0 nos services ? Retrouvez nous le dimanche sur le [&hellip;]<\/p>\n","protected":false},"author":1,"featured_media":0,"parent":0,"menu_order":0,"comment_status":"closed","ping_status":"closed","template":"","meta":[],"yoast_head":"<!-- This site is optimized with the Yoast SEO plugin v16.8 - https:\/\/yoast.com\/wordpress\/plugins\/seo\/ -->\n<title>Contactez Nous - R\u00f4tisserie Basley, la viande grill\u00e9e au feu de bois<\/title>\n<meta name=\"description\" content=\"Vous avez entendu parler de nous et vous cherchez \u00e0 nous contacter ? Vous pouvez nous envoyer un mail via le formulaire de contact ci-dessous.\" \/>\n<meta name=\"robots\" content=\"index, follow, max-snippet:-1, max-image-preview:large, max-video-preview:-1\" \/>\n<link rel=\"canonical\" href=\"https:\/\/rotisseriebasley.fr\/index.php\/contact\/\" \/>\n<meta property=\"og:locale\" content=\"fr_FR\" \/>\n<meta property=\"og:type\" content=\"article\" \/>\n<meta property=\"og:title\" content=\"Contactez Nous - R\u00f4tisserie Basley, la viande grill\u00e9e au feu de bois\" \/>\n<meta property=\"og:description\" content=\"Vous avez entendu parler de nous et vous cherchez \u00e0 nous contacter ? Vous pouvez nous envoyer un mail via le formulaire de contact ci-dessous.\" \/>\n<meta property=\"og:url\" content=\"https:\/\/rotisseriebasley.fr\/index.php\/contact\/\" \/>\n<meta property=\"og:site_name\" content=\"R\u00f4tisserie Basley\" \/>\n<meta property=\"article:modified_time\" content=\"2019-07-27T08:57:07+00:00\" \/>\n<meta property=\"og:image\" content=\"http:\/\/rotisseriebasley.fr\/wp-content\/uploads\/2018\/07\/contacts-300x145.jpg\" \/>\n<meta name=\"twitter:card\" content=\"summary_large_image\" \/>\n<script type=\"application\/ld+json\" class=\"yoast-schema-graph\">{\"@context\":\"https:\/\/schema.org\",\"@graph\":[{\"@type\":\"WebSite\",\"@id\":\"http:\/\/rotisseriebasley.fr\/#website\",\"url\":\"http:\/\/rotisseriebasley.fr\/\",\"name\":\"R\\u00f4tisserie Basley\",\"description\":\"\",\"potentialAction\":[{\"@type\":\"SearchAction\",\"target\":{\"@type\":\"EntryPoint\",\"urlTemplate\":\"http:\/\/rotisseriebasley.fr\/?s={search_term_string}\"},\"query-input\":\"required name=search_term_string\"}],\"inLanguage\":\"fr-FR\"},{\"@type\":\"ImageObject\",\"@id\":\"https:\/\/rotisseriebasley.fr\/index.php\/contact\/#primaryimage\",\"inLanguage\":\"fr-FR\",\"url\":\"http:\/\/rotisseriebasley.fr\/wp-content\/uploads\/2018\/07\/contacts-300x145.jpg\",\"contentUrl\":\"http:\/\/rotisseriebasley.fr\/wp-content\/uploads\/2018\/07\/contacts-300x145.jpg\"},{\"@type\":\"WebPage\",\"@id\":\"https:\/\/rotisseriebasley.fr\/index.php\/contact\/#webpage\",\"url\":\"https:\/\/rotisseriebasley.fr\/index.php\/contact\/\",\"name\":\"Contactez Nous - R\\u00f4tisserie Basley, la viande grill\\u00e9e au feu de bois\",\"isPartOf\":{\"@id\":\"http:\/\/rotisseriebasley.fr\/#website\"},\"primaryImageOfPage\":{\"@id\":\"https:\/\/rotisseriebasley.fr\/index.php\/contact\/#primaryimage\"},\"datePublished\":\"2018-07-14T11:51:35+00:00\",\"dateModified\":\"2019-07-27T08:57:07+00:00\",\"description\":\"Vous avez entendu parler de nous et vous cherchez \\u00e0 nous contacter ? Vous pouvez nous envoyer un mail via le formulaire de contact ci-dessous.\",\"breadcrumb\":{\"@id\":\"https:\/\/rotisseriebasley.fr\/index.php\/contact\/#breadcrumb\"},\"inLanguage\":\"fr-FR\",\"potentialAction\":[{\"@type\":\"ReadAction\",\"target\":[\"https:\/\/rotisseriebasley.fr\/index.php\/contact\/\"]}]},{\"@type\":\"BreadcrumbList\",\"@id\":\"https:\/\/rotisseriebasley.fr\/index.php\/contact\/#breadcrumb\",\"itemListElement\":[{\"@type\":\"ListItem\",\"position\":1,\"name\":\"Accueil\",\"item\":\"https:\/\/rotisseriebasley.fr\/\"},{\"@type\":\"ListItem\",\"position\":2,\"name\":\"Contactez Nous\"}]}]}<\/script>\n<!-- \/ Yoast SEO plugin. -->","yoast_head_json":{"title":"Contactez Nous - R\u00f4tisserie Basley, la viande grill\u00e9e au feu de bois","description":"Vous avez entendu parler de nous et vous cherchez \u00e0 nous contacter ? Vous pouvez nous envoyer un mail via le formulaire de contact ci-dessous.","robots":{"index":"index","follow":"follow","max-snippet":"max-snippet:-1","max-image-preview":"max-image-preview:large","max-video-preview":"max-video-preview:-1"},"canonical":"https:\/\/rotisseriebasley.fr\/index.php\/contact\/","og_locale":"fr_FR","og_type":"article","og_title":"Contactez Nous - R\u00f4tisserie Basley, la viande grill\u00e9e au feu de bois","og_description":"Vous avez entendu parler de nous et vous cherchez \u00e0 nous contacter ? Vous pouvez nous envoyer un mail via le formulaire de contact ci-dessous.","og_url":"https:\/\/rotisseriebasley.fr\/index.php\/contact\/","og_site_name":"R\u00f4tisserie Basley","article_modified_time":"2019-07-27T08:57:07+00:00","og_image":[{"url":"http:\/\/rotisseriebasley.fr\/wp-content\/uploads\/2018\/07\/contacts-300x145.jpg"}],"twitter_card":"summary_large_image","schema":{"@context":"https:\/\/schema.org","@graph":[{"@type":"WebSite","@id":"http:\/\/rotisseriebasley.fr\/#website","url":"http:\/\/rotisseriebasley.fr\/","name":"R\u00f4tisserie Basley","description":"","potentialAction":[{"@type":"SearchAction","target":{"@type":"EntryPoint","urlTemplate":"http:\/\/rotisseriebasley.fr\/?s={search_term_string}"},"query-input":"required name=search_term_string"}],"inLanguage":"fr-FR"},{"@type":"ImageObject","@id":"https:\/\/rotisseriebasley.fr\/index.php\/contact\/#primaryimage","inLanguage":"fr-FR","url":"http:\/\/rotisseriebasley.fr\/wp-content\/uploads\/2018\/07\/contacts-300x145.jpg","contentUrl":"http:\/\/rotisseriebasley.fr\/wp-content\/uploads\/2018\/07\/contacts-300x145.jpg"},{"@type":"WebPage","@id":"https:\/\/rotisseriebasley.fr\/index.php\/contact\/#webpage","url":"https:\/\/rotisseriebasley.fr\/index.php\/contact\/","name":"Contactez Nous - R\u00f4tisserie Basley, la viande grill\u00e9e au feu de bois","isPartOf":{"@id":"http:\/\/rotisseriebasley.fr\/#website"},"primaryImageOfPage":{"@id":"https:\/\/rotisseriebasley.fr\/index.php\/contact\/#primaryimage"},"datePublished":"2018-07-14T11:51:35+00:00","dateModified":"2019-07-27T08:57:07+00:00","description":"Vous avez entendu parler de nous et vous cherchez \u00e0 nous contacter ? Vous pouvez nous envoyer un mail via le formulaire de contact ci-dessous.","breadcrumb":{"@id":"https:\/\/rotisseriebasley.fr\/index.php\/contact\/#breadcrumb"},"inLanguage":"fr-FR","potentialAction":[{"@type":"ReadAction","target":["https:\/\/rotisseriebasley.fr\/index.php\/contact\/"]}]},{"@type":"BreadcrumbList","@id":"https:\/\/rotisseriebasley.fr\/index.php\/contact\/#breadcrumb","itemListElement":[{"@type":"ListItem","position":1,"name":"Accueil","item":"https:\/\/rotisseriebasley.fr\/"},{"@type":"ListItem","position":2,"name":"Contactez Nous"}]}]}},"_links":{"self":[{"href":"https:\/\/rotisseriebasley.fr\/index.php\/wp-json\/wp\/v2\/pages\/9"}],"collection":[{"href":"https:\/\/rotisseriebasley.fr\/index.php\/wp-json\/wp\/v2\/pages"}],"about":[{"href":"https:\/\/rotisseriebasley.fr\/index.php\/wp-json\/wp\/v2\/types\/page"}],"author":[{"embeddable":true,"href":"https:\/\/rotisseriebasley.fr\/index.php\/wp-json\/wp\/v2\/users\/1"}],"replies":[{"embeddable":true,"href":"https:\/\/rotisseriebasley.fr\/index.php\/wp-json\/wp\/v2\/comments?post=9"}],"version-history":[{"count":10,"href":"https:\/\/rotisseriebasley.fr\/index.php\/wp-json\/wp\/v2\/pages\/9\/revisions"}],"predecessor-version":[{"id":328,"href":"https:\/\/rotisseriebasley.fr\/index.php\/wp-json\/wp\/v2\/pages\/9\/revisions\/328"}],"wp:attachment":[{"href":"https:\/\/rotisseriebasley.fr\/index.php\/wp-json\/wp\/v2\/media?parent=9"}],"curies":[{"name":"wp","href":"https:\/\/api.w.org\/{rel}","templated":true}]}}